{"id":230,"date":"2024-02-15T20:44:40","date_gmt":"2024-02-15T20:44:40","guid":{"rendered":"http:\/\/52.169.20.141.nip.io\/?page_id=230"},"modified":"2025-12-21T05:43:02","modified_gmt":"2025-12-21T03:43:02","slug":"laakkola","status":"publish","type":"page","link":"https:\/\/www.laakkolankylayhdistys.fi\/index.php\/laakkola\/","title":{"rendered":"Laakkola"},"content":{"rendered":"\n<h3>\n\t\t\tMik\u00e4 Kyl\u00e4?\t<\/h3>\n\t<p>Launolan kyl\u00e4ll\u00e4, sittemmin Launolankangas, Junnonoja, Laakkola, Hyv\u00e4ril\u00e4 ja Koskenranta, on ollut satunnaista asutusta jo kivikaudella, noin 7000 vuotta sitten. Tuolloin alue oli viel\u00e4 merenranta-aluetta. Vakituiset asukkaat, joista kyl\u00e4n v\u00e4ke\u00e4 yh\u00e4kin polveutuu, tulivat seudulle 1570-luvulla. Ensimm\u00e4iset veroa maksavat, Launolan kyl\u00e4n pysyv\u00e4t asukkaat olivat Launoisia ja Junnoisia, joiden mukaan kyl\u00e4tkin on nimetty. Ensimm\u00e4iset uudistilan perustajat olivat l\u00e4ht\u00f6isin Kannakselta ja Savosta. Kyl\u00e4ll\u00e4 oli 1500-luvun lopussa nelj\u00e4 taloa, jotka olivat ven\u00e4l\u00e4ish\u00e4vitysten takia veronmaksukyvytt\u00f6mi\u00e4.<\/p>\n<p>Launolan kyl\u00e4 pysyi kahden suvun, Launosten ja Junnoisten, asuttamana koko 1500-luvun. Uusia sukuja ilmaantui verokirjoihin seuraavalla vuosisadalla, ja taloja oli 1600-luvun lopulla 19. N\u00e4lk\u00e4vuosina 1690-luvulla ja isonvihan aikana 1713-1721 Launolan v\u00e4kiluku romahti ja asutus taantui, kuten muuallakin Siikajokilaaksossa. Kun n\u00e4ist\u00e4 vaivoista toivuttiin, asutus j\u00e4lleen laajeni, ja vuonna 1810 tiloja oli jo 29. Voimakasta uudisasutusta ei ollut en\u00e4\u00e4 1800-luvulla, mutta asutus tiheni lohkotiloja, torppia ja m\u00e4kitupia perustamalla.<\/p>\n<p>Laakkola ja Junnonoja ovat edelleen maatalousvaltaisia kyli\u00e4, joissa on noin 70 vakituisesti asuttua taloutta ja reilut 10 vapaa-ajan asuntoa.<\/p>\n<h3>\n\t\t\tMiss\u00e4 P\u00e4in?\t<\/h3>\n\t<p>Laakkola on kyl\u00e4 Pohjois-Pohjanmaalla, Siikalatvan kunnan l\u00e4nsiosassa, Pulkkilan ja Haapaveden v\u00e4liss\u00e4 seututien 794 varrella.<\/p>\n<p>Laakkolan Kyl\u00e4yhdistyksen Kyl\u00e4talon osoite on Latvantie 10, 92650 Laakkola.<\/p>\n\t<iframe src=\"https:\/\/www.google.com\/maps\/embed?pb=!1m18!1m12!1m3!1d1734.51729048116!2d25.761634877614817!3d64.23150950945437!2m3!1f0!2f0!3f0!3m2!1i1024!2i768!4f13.1!3m3!1m2!1s0x468170dc3fbc96d3%3A0x1cf755e4daf78195!2sLatvantie%2010%2C%2092650%20Junnonoja!5e0!3m2!1sfi!2sfi!4v1709313462443!5m2!1sfi!2sfi\" allowfullscreen=\"\" loading=\"lazy\" referrerpolicy=\"no-referrer-when-downgrade\"><\/iframe>\n\n","protected":false},"excerpt":{"rendered":"<p>Mik\u00e4 Kyl\u00e4? Launolan kyl\u00e4ll\u00e4, sittemmin Launolankangas, Junnonoja, Laakkola, Hyv\u00e4ril\u00e4 ja Koskenranta, on ollut satunnaista asutusta jo kivikaudella, noin 7000 vuotta sitten. Tuolloin alue oli viel\u00e4 merenranta-aluetta. Vakituiset asukkaat, joista kyl\u00e4n v\u00e4ke\u00e4 yh\u00e4kin polveutuu, tulivat seudulle 1570-luvulla. Ensimm\u00e4iset veroa maksavat, Launolan kyl\u00e4n pysyv\u00e4t asukkaat olivat Launoisia ja Junnoisia, joiden mukaan kyl\u00e4tkin on nimetty. Ensimm\u00e4iset uudistilan perustajat [&hellip;]<\/p>\n","protected":false},"author":2,"featured_media":0,"parent":0,"menu_order":0,"comment_status":"closed","ping_status":"closed","template":"","meta":{"footnotes":""},"_links":{"self":[{"href":"https:\/\/www.laakkolankylayhdistys.fi\/index.php\/wp-json\/wp\/v2\/pages\/230"}],"collection":[{"href":"https:\/\/www.laakkolankylayhdistys.fi\/index.php\/wp-json\/wp\/v2\/pages"}],"about":[{"href":"https:\/\/www.laakkolankylayhdistys.fi\/index.php\/wp-json\/wp\/v2\/types\/page"}],"author":[{"embeddable":true,"href":"https:\/\/www.laakkolankylayhdistys.fi\/index.php\/wp-json\/wp\/v2\/users\/2"}],"replies":[{"embeddable":true,"href":"https:\/\/www.laakkolankylayhdistys.fi\/index.php\/wp-json\/wp\/v2\/comments?post=230"}],"version-history":[{"count":3,"href":"https:\/\/www.laakkolankylayhdistys.fi\/index.php\/wp-json\/wp\/v2\/pages\/230\/revisions"}],"predecessor-version":[{"id":763,"href":"https:\/\/www.laakkolankylayhdistys.fi\/index.php\/wp-json\/wp\/v2\/pages\/230\/revisions\/763"}],"wp:attachment":[{"href":"https:\/\/www.laakkolankylayhdistys.fi\/index.php\/wp-json\/wp\/v2\/media?parent=230"}],"curies":[{"name":"wp","href":"https:\/\/api.w.org\/{rel}","templated":true}]}}