{"id":51,"date":"2024-01-30T13:52:10","date_gmt":"2024-01-30T13:52:10","guid":{"rendered":"http:\/\/52.169.20.141.nip.io\/?page_id=51"},"modified":"2025-12-21T07:32:14","modified_gmt":"2025-12-21T05:32:14","slug":"ota-yhteytta","status":"publish","type":"page","link":"https:\/\/www.laakkolankylayhdistys.fi\/index.php\/ota-yhteytta\/","title":{"rendered":"Ota yhteytt\u00e4"},"content":{"rendered":"\n<h4>\n\t\tSijainti\n\t<\/h4>\n\t<p>K\u00e4yntiosoite:<\/p>\n<p>Latvantie 10 92650 Laakkola<\/p>\n<p>Postiosoite:<\/p>\n<p>S\u00e4is\u00e4nper\u00e4ntie 306 92650 Laakkola<\/p>\n<h4>\n\t\tYhteystiedot\n\t<\/h4>\n\t<p>PJ: Timo Tamminen 0400 292 569<\/p>\n<p>VPJ: Eero Taskila 0407 363 495<\/p>\n<p>Sihteeri: Seija Junno 0405 578 801<\/p>\n\t<iframe src=\"https:\/\/www.google.com\/maps\/embed?pb=!1m18!1m12!1m3!1d1734.51729048116!2d25.761634877614817!3d64.23150950945437!2m3!1f0!2f0!3f0!3m2!1i1024!2i768!4f13.1!3m3!1m2!1s0x468170dc3fbc96d3%3A0x1cf755e4daf78195!2sLatvantie%2010%2C%2092650%20Junnonoja!5e0!3m2!1sfi!2sfi!4v1709313462443!5m2!1sfi!2sfi\" allowfullscreen=\"\" loading=\"lazy\" referrerpolicy=\"no-referrer-when-downgrade\"><\/iframe>\n\n","protected":false},"excerpt":{"rendered":"<p>Sijainti K\u00e4yntiosoite: Latvantie 10 92650 Laakkola Postiosoite: S\u00e4is\u00e4nper\u00e4ntie 306 92650 Laakkola Yhteystiedot PJ: Timo Tamminen 0400 292 569 VPJ: Eero Taskila 0407 363 495 Sihteeri: Seija Junno 0405 578 801<\/p>\n","protected":false},"author":2,"featured_media":0,"parent":0,"menu_order":0,"comment_status":"closed","ping_status":"closed","template":"","meta":{"footnotes":""},"_links":{"self":[{"href":"https:\/\/www.laakkolankylayhdistys.fi\/index.php\/wp-json\/wp\/v2\/pages\/51"}],"collection":[{"href":"https:\/\/www.laakkolankylayhdistys.fi\/index.php\/wp-json\/wp\/v2\/pages"}],"about":[{"href":"https:\/\/www.laakkolankylayhdistys.fi\/index.php\/wp-json\/wp\/v2\/types\/page"}],"author":[{"embeddable":true,"href":"https:\/\/www.laakkolankylayhdistys.fi\/index.php\/wp-json\/wp\/v2\/users\/2"}],"replies":[{"embeddable":true,"href":"https:\/\/www.laakkolankylayhdistys.fi\/index.php\/wp-json\/wp\/v2\/comments?post=51"}],"version-history":[{"count":3,"href":"https:\/\/www.laakkolankylayhdistys.fi\/index.php\/wp-json\/wp\/v2\/pages\/51\/revisions"}],"predecessor-version":[{"id":700,"href":"https:\/\/www.laakkolankylayhdistys.fi\/index.php\/wp-json\/wp\/v2\/pages\/51\/revisions\/700"}],"wp:attachment":[{"href":"https:\/\/www.laakkolankylayhdistys.fi\/index.php\/wp-json\/wp\/v2\/media?parent=51"}],"curies":[{"name":"wp","href":"https:\/\/api.w.org\/{rel}","templated":true}]}}